{"id":1143,"date":"2018-11-27T09:17:28","date_gmt":"2018-11-27T08:17:28","guid":{"rendered":"http:\/\/18.196.151.142\/index.php\/services\/"},"modified":"2023-10-10T00:59:38","modified_gmt":"2023-10-09T22:59:38","slug":"services","status":"publish","type":"page","link":"http:\/\/www.handball-team-manager.de\/index.php\/services\/","title":{"rendered":"Download"},"content":{"rendered":"\t\t<div data-elementor-type=\"wp-post\" data-elementor-id=\"1143\" class=\"elementor elementor-1143\">\n\t\t\t\t\t\t<div class=\"elementor-inner\">\n\t\t\t\t<div class=\"elementor-section-wrap\">\n\t\t\t\t\t\t\t\t\t<section class=\"elementor-section elementor-top-section elementor-element elementor-element-33a79095 elementor-section-boxed elementor-section-height-default elementor-section-height-default\" data-id=\"33a79095\" data-element_type=\"section\" data-settings=\"{&quot;background_background&quot;:&quot;classic&quot;}\">\n\t\t\t\t\t\t\t<div class=\"elementor-background-overlay\"><\/div>\n\t\t\t\t\t\t\t<div class=\"elementor-container elementor-column-gap-default\">\n\t\t\t\t\t\t\t<div class=\"elementor-row\">\n\t\t\t\t\t<div class=\"elementor-column elementor-col-33 elementor-top-column elementor-element elementor-element-b7194dc\" data-id=\"b7194dc\" data-element_type=\"column\">\n\t\t\t<div class=\"elementor-column-wrap\">\n\t\t\t\t\t\t\t<div class=\"elementor-widget-wrap\">\n\t\t\t\t\t\t\t\t<\/div>\n\t\t\t\t\t<\/div>\n\t\t<\/div>\n\t\t\t\t<div class=\"elementor-column elementor-col-33 elementor-top-column elementor-element elementor-element-3706530d\" data-id=\"3706530d\" data-element_type=\"column\">\n\t\t\t<div class=\"elementor-column-wrap elementor-element-populated\">\n\t\t\t\t\t\t\t<div class=\"elementor-widget-wrap\">\n\t\t\t\t\t\t<div class=\"elementor-element elementor-element-537de1f elementor-widget elementor-widget-heading\" data-id=\"537de1f\" data-element_type=\"widget\" data-widget_type=\"heading.default\">\n\t\t\t\t<div class=\"elementor-widget-container\">\n\t\t\t<h1 class=\"elementor-heading-title elementor-size-default\">Download<\/h1>\t\t<\/div>\n\t\t\t\t<\/div>\n\t\t\t\t\t\t<\/div>\n\t\t\t\t\t<\/div>\n\t\t<\/div>\n\t\t\t\t<div class=\"elementor-column elementor-col-33 elementor-top-column elementor-element elementor-element-4788e5dc\" data-id=\"4788e5dc\" data-element_type=\"column\">\n\t\t\t<div class=\"elementor-column-wrap\">\n\t\t\t\t\t\t\t<div class=\"elementor-widget-wrap\">\n\t\t\t\t\t\t\t\t<\/div>\n\t\t\t\t\t<\/div>\n\t\t<\/div>\n\t\t\t\t\t\t\t\t<\/div>\n\t\t\t\t\t<\/div>\n\t\t<\/section>\n\t\t\t\t<section class=\"elementor-section elementor-top-section elementor-element elementor-element-2dbed9a elementor-section-boxed elementor-section-height-default elementor-section-height-default\" data-id=\"2dbed9a\" data-element_type=\"section\">\n\t\t\t\t\t\t<div class=\"elementor-container elementor-column-gap-default\">\n\t\t\t\t\t\t\t<div class=\"elementor-row\">\n\t\t\t\t\t<div class=\"elementor-column elementor-col-100 elementor-top-column elementor-element elementor-element-1ca627b\" data-id=\"1ca627b\" data-element_type=\"column\">\n\t\t\t<div class=\"elementor-column-wrap elementor-element-populated\">\n\t\t\t\t\t\t\t<div class=\"elementor-widget-wrap\">\n\t\t\t\t\t\t<div class=\"elementor-element elementor-element-8dff22f elementor-widget elementor-widget-text-editor\" data-id=\"8dff22f\" data-element_type=\"widget\" data-widget_type=\"text-editor.default\">\n\t\t\t\t<div class=\"elementor-widget-container\">\n\t\t\t\t\t\t\t\t<div class=\"elementor-text-editor elementor-clearfix\">\n\t\t\t\t<div id=\"panel-w5f27196aa9c09-12-0-1\" class=\"so-panel widget widget_text\" data-index=\"24\"><div class=\"textwidget\"><p><span style=\"color: #ffffff;\">Team Manager kann ohne g\u00fcltige Lizenz runtergeladen und installiert werden. Mit der nicht lizensierten Versionen k\u00f6nnen bereits erstellte Datenbanken vollst\u00e4ndig geladen und in der Software angezeigt werden. Zudem k\u00f6nnen neue Datenbanken erstellt und mit allen vorhandenen Werkzeugen bearbeitet werden. Der Funktionsumfang ist jedoch dahingehend beschr\u00e4nkt, dass ein Speichern von mehr als 10 Eintr\u00e4gen pro Datentyp (Mannschaft, Spieler, e.t.c.) nicht m\u00f6glich ist.<\/span><\/p><p><span style=\"color: #ffffff;\">Bei Erwerb einer g\u00fcltigen Lizenz wird der volle Funktionsumfang der Software durch Eingabe des Lizenzschl\u00fcssels automatisch freigeschaltet, so dass das Erstellen neuer und das Erweitern bereits erstellter Datenbanken vollst\u00e4ndig m\u00f6glich ist.<\/span><\/p><p><span style=\"color: #ffffff;\">Team Manager ist eine urheberrechtlich gesch\u00fctzte und lizensierte Software. Bitte lesen Sie daher die <span class=\"text-blue\" style=\"color: #00ccff;\"><a style=\"color: #00ccff;\" href=\"http:\/\/handball-team-manager.de\/index.php\/lizenzbedingungen\/\" target=\"_blank\" rel=\"noopener noreferrer\">Lizenzbedingungen<\/a><\/span> vor dem Download der Software aufmerksam.<\/span><\/p><\/div><\/div>\t\t\t\t\t<\/div>\n\t\t\t\t\t\t<\/div>\n\t\t\t\t<\/div>\n\t\t\t\t<div class=\"elementor-element elementor-element-b45f0a6 elementor-widget elementor-widget-spacer\" data-id=\"b45f0a6\" data-element_type=\"widget\" data-widget_type=\"spacer.default\">\n\t\t\t\t<div class=\"elementor-widget-container\">\n\t\t\t\t\t<div class=\"elementor-spacer\">\n\t\t\t<div class=\"elementor-spacer-inner\"><\/div>\n\t\t<\/div>\n\t\t\t\t<\/div>\n\t\t\t\t<\/div>\n\t\t\t\t<div class=\"elementor-element elementor-element-269bbbf elementor-align-center elementor-widget elementor-widget-button\" data-id=\"269bbbf\" data-element_type=\"widget\" data-widget_type=\"button.default\">\n\t\t\t\t<div class=\"elementor-widget-container\">\n\t\t\t\t\t<div class=\"elementor-button-wrapper\">\n\t\t\t<a href=\"http:\/\/www.handball-team-manager.de\/download\/TeamManager_Win64.msi\" class=\"elementor-button-link elementor-button elementor-size-lg\" role=\"button\">\n\t\t\t\t\t\t<span class=\"elementor-button-content-wrapper\">\n\t\t\t\t\t\t\t<span class=\"elementor-button-icon elementor-align-icon-left\">\n\t\t\t\t<i aria-hidden=\"true\" class=\"fas fa-download\"><\/i>\t\t\t<\/span>\n\t\t\t\t\t\t<span class=\"elementor-button-text\">Download Windows<\/span>\n\t\t<\/span>\n\t\t\t\t\t<\/a>\n\t\t<\/div>\n\t\t\t\t<\/div>\n\t\t\t\t<\/div>\n\t\t\t\t<div class=\"elementor-element elementor-element-aa3d44b elementor-widget elementor-widget-text-editor\" data-id=\"aa3d44b\" data-element_type=\"widget\" data-widget_type=\"text-editor.default\">\n\t\t\t\t<div class=\"elementor-widget-container\">\n\t\t\t\t\t\t\t\t<div class=\"elementor-text-editor elementor-clearfix\">\n\t\t\t\t<p style=\"text-align: center;\"><span style=\"color: #808080;\">v4.4.5 &#8211; auto update (02.06.2022)<\/span><\/p>\t\t\t\t\t<\/div>\n\t\t\t\t\t\t<\/div>\n\t\t\t\t<\/div>\n\t\t\t\t<div class=\"elementor-element elementor-element-4b96cba elementor-align-center elementor-widget elementor-widget-button\" data-id=\"4b96cba\" data-element_type=\"widget\" data-widget_type=\"button.default\">\n\t\t\t\t<div class=\"elementor-widget-container\">\n\t\t\t\t\t<div class=\"elementor-button-wrapper\">\n\t\t\t<a href=\"http:\/\/www.handball-team-manager.de\/download\/TeamManager_5.0.3_intel.dmg\" class=\"elementor-button-link elementor-button elementor-size-xl\" role=\"button\">\n\t\t\t\t\t\t<span class=\"elementor-button-content-wrapper\">\n\t\t\t\t\t\t\t<span class=\"elementor-button-icon elementor-align-icon-left\">\n\t\t\t\t<i aria-hidden=\"true\" class=\"fas fa-download\"><\/i>\t\t\t<\/span>\n\t\t\t\t\t\t<span class=\"elementor-button-text\">Download Mac (intel OSX 10.5 or higher)<\/span>\n\t\t<\/span>\n\t\t\t\t\t<\/a>\n\t\t<\/div>\n\t\t\t\t<\/div>\n\t\t\t\t<\/div>\n\t\t\t\t<div class=\"elementor-element elementor-element-9351d09 elementor-widget elementor-widget-text-editor\" data-id=\"9351d09\" data-element_type=\"widget\" data-widget_type=\"text-editor.default\">\n\t\t\t\t<div class=\"elementor-widget-container\">\n\t\t\t\t\t\t\t\t<div class=\"elementor-text-editor elementor-clearfix\">\n\t\t\t\t<p style=\"text-align: center;\"><span style=\"color: #808080;\">v5.0.3 &#8211; Intel Processors (10.10.2023) <br \/>(Update vom 10.10.2023: Eine Version f\u00fcr Mac Silicon Prozessoren wird in K\u00fcrze ver\u00f6ffentlicht.)<br \/><\/span><\/p>\t\t\t\t\t<\/div>\n\t\t\t\t\t\t<\/div>\n\t\t\t\t<\/div>\n\t\t\t\t<div class=\"elementor-element elementor-element-ede65a6 elementor-widget elementor-widget-text-editor\" data-id=\"ede65a6\" data-element_type=\"widget\" data-widget_type=\"text-editor.default\">\n\t\t\t\t<div class=\"elementor-widget-container\">\n\t\t\t\t\t\t\t\t<div class=\"elementor-text-editor elementor-clearfix\">\n\t\t\t\t\t\t\t\t\t<\/div>\n\t\t\t\t\t\t<\/div>\n\t\t\t\t<\/div>\n\t\t\t\t\t\t<\/div>\n\t\t\t\t\t<\/div>\n\t\t<\/div>\n\t\t\t\t\t\t\t\t<\/div>\n\t\t\t\t\t<\/div>\n\t\t<\/section>\n\t\t\t\t\t\t\t\t\t<\/div>\n\t\t\t<\/div>\n\t\t\t\t\t<\/div>\n\t\t","protected":false},"excerpt":{"rendered":"<p>Download Team Manager kann ohne g\u00fcltige Lizenz runtergeladen und installiert werden. Mit der nicht lizensierten Versionen k\u00f6nnen bereits erstellte Datenbanken vollst\u00e4ndig geladen und in der Software angezeigt werden. Zudem k\u00f6nnen neue Datenbanken erstellt und mit allen vorhandenen Werkzeugen bearbeitet werden. Der Funktionsumfang ist jedoch dahingehend beschr\u00e4nkt, dass ein Speichern von mehr als 10 Eintr\u00e4gen pro &hellip;<\/p>\n<p class=\"read-more\"> <a class=\"\" href=\"http:\/\/www.handball-team-manager.de\/index.php\/services\/\"> <span class=\"screen-reader-text\">Download<\/span> Weiterlesen &raquo;<\/a><\/p>\n","protected":false},"author":1,"featured_media":0,"parent":0,"menu_order":0,"comment_status":"closed","ping_status":"closed","template":"","meta":[],"_links":{"self":[{"href":"http:\/\/www.handball-team-manager.de\/index.php\/wp-json\/wp\/v2\/pages\/1143"}],"collection":[{"href":"http:\/\/www.handball-team-manager.de\/index.php\/wp-json\/wp\/v2\/pages"}],"about":[{"href":"http:\/\/www.handball-team-manager.de\/index.php\/wp-json\/wp\/v2\/types\/page"}],"author":[{"embeddable":true,"href":"http:\/\/www.handball-team-manager.de\/index.php\/wp-json\/wp\/v2\/users\/1"}],"replies":[{"embeddable":true,"href":"http:\/\/www.handball-team-manager.de\/index.php\/wp-json\/wp\/v2\/comments?post=1143"}],"version-history":[{"count":82,"href":"http:\/\/www.handball-team-manager.de\/index.php\/wp-json\/wp\/v2\/pages\/1143\/revisions"}],"predecessor-version":[{"id":2248,"href":"http:\/\/www.handball-team-manager.de\/index.php\/wp-json\/wp\/v2\/pages\/1143\/revisions\/2248"}],"wp:attachment":[{"href":"http:\/\/www.handball-team-manager.de\/index.php\/wp-json\/wp\/v2\/media?parent=1143"}],"curies":[{"name":"wp","href":"https:\/\/api.w.org\/{rel}","templated":true}]}}