{"id":1190,"date":"2020-10-15T14:11:18","date_gmt":"2020-10-15T12:11:18","guid":{"rendered":"http:\/\/18.196.151.142\/?page_id=1190"},"modified":"2021-06-11T10:19:50","modified_gmt":"2021-06-11T08:19:50","slug":"lizenzbedingungen","status":"publish","type":"page","link":"http:\/\/www.handball-team-manager.de\/index.php\/lizenzbedingungen\/","title":{"rendered":"Lizenzbedingungen"},"content":{"rendered":"\t\t<div data-elementor-type=\"wp-page\" data-elementor-id=\"1190\" class=\"elementor elementor-1190\">\n\t\t\t\t\t\t<div class=\"elementor-inner\">\n\t\t\t\t<div class=\"elementor-section-wrap\">\n\t\t\t\t\t\t\t\t\t<section class=\"elementor-section elementor-top-section elementor-element elementor-element-d7d8b56 elementor-section-boxed elementor-section-height-default elementor-section-height-default\" data-id=\"d7d8b56\" data-element_type=\"section\" data-settings=\"{&quot;background_background&quot;:&quot;classic&quot;}\">\n\t\t\t\t\t\t\t<div class=\"elementor-background-overlay\"><\/div>\n\t\t\t\t\t\t\t<div class=\"elementor-container elementor-column-gap-default\">\n\t\t\t\t\t\t\t<div class=\"elementor-row\">\n\t\t\t\t\t<div class=\"elementor-column elementor-col-100 elementor-top-column elementor-element elementor-element-fd69444\" data-id=\"fd69444\" data-element_type=\"column\">\n\t\t\t<div class=\"elementor-column-wrap elementor-element-populated\">\n\t\t\t\t\t\t\t<div class=\"elementor-widget-wrap\">\n\t\t\t\t\t\t<div class=\"elementor-element elementor-element-abcc2f2 elementor-widget elementor-widget-heading\" data-id=\"abcc2f2\" data-element_type=\"widget\" data-widget_type=\"heading.default\">\n\t\t\t\t<div class=\"elementor-widget-container\">\n\t\t\t<h1 class=\"elementor-heading-title elementor-size-default\">Lizenzbedingungen<\/h1>\t\t<\/div>\n\t\t\t\t<\/div>\n\t\t\t\t\t\t<\/div>\n\t\t\t\t\t<\/div>\n\t\t<\/div>\n\t\t\t\t\t\t\t\t<\/div>\n\t\t\t\t\t<\/div>\n\t\t<\/section>\n\t\t\t\t<section class=\"elementor-section elementor-top-section elementor-element elementor-element-5c40d7b elementor-section-boxed elementor-section-height-default elementor-section-height-default\" data-id=\"5c40d7b\" data-element_type=\"section\">\n\t\t\t\t\t\t<div class=\"elementor-container elementor-column-gap-default\">\n\t\t\t\t\t\t\t<div class=\"elementor-row\">\n\t\t\t\t\t<div class=\"elementor-column elementor-col-100 elementor-top-column elementor-element elementor-element-2ebbf9c\" data-id=\"2ebbf9c\" data-element_type=\"column\">\n\t\t\t<div class=\"elementor-column-wrap elementor-element-populated\">\n\t\t\t\t\t\t\t<div class=\"elementor-widget-wrap\">\n\t\t\t\t\t\t<div class=\"elementor-element elementor-element-fe195c7 elementor-widget elementor-widget-heading\" data-id=\"fe195c7\" data-element_type=\"widget\" data-widget_type=\"heading.default\">\n\t\t\t\t<div class=\"elementor-widget-container\">\n\t\t\t<h2 class=\"elementor-heading-title elementor-size-default\">Lizenzvertrag<\/h2>\t\t<\/div>\n\t\t\t\t<\/div>\n\t\t\t\t<div class=\"elementor-element elementor-element-dc051dd elementor-widget-divider--view-line elementor-widget elementor-widget-divider\" data-id=\"dc051dd\" data-element_type=\"widget\" data-widget_type=\"divider.default\">\n\t\t\t\t<div class=\"elementor-widget-container\">\n\t\t\t\t\t<div class=\"elementor-divider\">\n\t\t\t<span class=\"elementor-divider-separator\">\n\t\t\t\t\t\t<\/span>\n\t\t<\/div>\n\t\t\t\t<\/div>\n\t\t\t\t<\/div>\n\t\t\t\t<div class=\"elementor-element elementor-element-e5f497e elementor-widget elementor-widget-text-editor\" data-id=\"e5f497e\" data-element_type=\"widget\" data-widget_type=\"text-editor.default\">\n\t\t\t\t<div class=\"elementor-widget-container\">\n\t\t\t\t\t\t\t\t<div class=\"elementor-text-editor elementor-clearfix\">\n\t\t\t\t<div><p><strong>\u00a71 Vertragliche Grundlagen<\/strong><br \/>Bitte lesen Sie diesen Lizenzvertrag f\u00fcr Miete von Software sorgf\u00e4ltig, bevor Sie die Software Team Manager der CGS DeveloTec GmbH in Betrieb nehmen. Durch Inbetriebnahme der Software Team Manager und insbesondere durch Begleichen des Rechnungsbetrages und die Aktivierung der erteilten Softwarelizenz durch Eingabe des Lizenzschl\u00fcssels erkl\u00e4ren Sie sich mit den Bestimmungen des nachstehenden Lizenzvertrages einverstanden. Verwenden Sie die Software Team Manager nicht, wenn Sie mit den Bestimmungen dieses Lizenzvertrages nicht einverstanden sind.<\/p><p><strong>\u00a71.1 \u00dcbertragung von Rechten und Pflichten<\/strong><br \/>Die CGS DeveloTec GmbH kann alle Rechte und Pflichten aus diesem Vertrag jederzeit auf Dritte \u00fcbertragen. Der Lizenznehmer kann jedoch die im Folgenden einger\u00e4umten Rechte nicht ohne vorherige schriftliche Zustimmung seitens der CGS DeveloTec GmbH an Dritte \u00fcbertragen bzw. weitere Nutzungsrechte einr\u00e4umen.<\/p><p><strong>\u00a72 Leistungsgegenstand<\/strong><br \/>Dieser Lizenzvertrag, bezieht sich auf die Software Team Manager der CGS DeveloTec GmbH. Unter \u201cSoftware\u201d im Sinne dieses Vertrages ist das Softwareprogramm und alle zugeh\u00f6rigen Dokumente und Dateien, die im Lieferumfang enthalten sind, zu verstehen. F\u00fcr die \u00dcberlassung der Software an den Kunden gelten ausschlie\u00dflich die nachstehenden Vertragsbedingungen. Andere Vertragsbedingungen werden nicht Vertragsinhalt, auch wenn CGS DeveloTec GmbH ihnen nicht ausdr\u00fccklich widerspricht.<\/p><p><strong>\u00a72.1 Lizenzeinr\u00e4umung<\/strong><br \/>Der Lizenzgeber ist berechtigt, Nutzungs- und Verwaltungsrechte an der Software Team Manager Dritten einzur\u00e4umen. Der Lizenznehmer erwirbt vom Lizenzgeber auf Grundlage dieses Lizenzvertrages eine nicht exklusive Nutzungslizenz zur ausschlie\u00dflichen Nutzung der Software Team Manager in einer von vier m\u00f6glichen Varianten:<br \/><strong>Jahreslizenz \u2013 privat:<\/strong> zeitlich auf eine Jahr befristete Lizenz, Nutzung der Software Team Manager auf einem einzigen Computer m\u00f6glich<br \/><strong>Jahreslizenz \u2013 Vereine:<\/strong> zeitlich auf eine Jahr befristete Lizenz, Nutzung der Software Team Manager auf bis zu f\u00fcnf Computern gleichzeitig m\u00f6glich<br \/><strong>Volllizenz \u2013 privat:<\/strong> zeitlich unbefristete Lizenz, Nutzung der Software Team Manager auf einem einzigen Computer m\u00f6glich<br \/><strong>Volllizenz \u2013 Vereine:<\/strong> zeitlich unbefristete Lizenz, Nutzung der Software Team Manager auf bis zu f\u00fcnf Computern gleichzeitig m\u00f6glich<br \/>Die jeweils g\u00fcltige Lizenzvariante wird w\u00e4hrend des Bestellvorganges ausgew\u00e4hlt und ist auf der Rechnung eingetragen. Eine Weitergabe an Dritte ist ausgeschlossen. Der Lizenznehmer ist zum kostenlosen Support (per Email, Telefon, Fernwartung) berechtigt. Des Weiteren stellt der Lizenzgeber f\u00fcr nicht registrierte Lizenznehmer eine kostenfreie Demo-Version mit begrenzter Funktionalit\u00e4t zur Verf\u00fcgung. Die Lizenzeinr\u00e4umung entspricht dabei grunds\u00e4tzlich derjenigen f\u00fcr eine Vollversion. Einschr\u00e4nkungen der Demo-Version sind im freien Ermessen des Lizenzgebers m\u00f6glich. F\u00fcr die Demo-Version werden zudem keine Dokumentationen, Updates und\/ oder Support geschuldet.<\/p><p><strong>\u00a72.2 Lieferung und Installation<\/strong><br \/>Die Software Team Manager wird ausschlie\u00dflich \u00fcber die Webseite des Lizenzgebers per Download vertrieben. Der Lizenznehmer ist in vollem Umfang f\u00fcr die Installation und die Funktionalit\u00e4t des von ihm betriebenen Rechners verantwortlich. Installationsleistungen werden seitens des Lizenzgebers nicht geschuldet.<\/p><p><strong>\u00a72.3 Dokumentation<\/strong><br \/>Die Dokumentation f\u00fcr Team Manager wird dem Lizenznehmer als online Handbuch in deutscher Sprache zur Verf\u00fcgung gestellt. Ein Anspruch des Lizenznehmers auf \u00dcberlassung der Dokumentation in Papierform besteht nicht.<\/p><p><strong>\u00a72.4 Updates<\/strong><br \/>Der Lizenzgeber kann nach eigenem Ermessen kostenlose Updates f\u00fcr die Software Team Manager zur Verf\u00fcgung stellen. Ein Anspruch des Lizenznehmers besteht darauf nicht. Unber\u00fchrt hiervon bleibt die gew\u00e4hrleistungsrechtliche Verpflichtung des Lizenzgebers. Neue Versionen von Team Manager werden vom Lizenzgeber in eigenem Ermessen zu den auf der aktuellen Webseite befindlichen Konditionen zur Verf\u00fcgung gestellt.<\/p><p><strong>\u00a72.5 Pflege und Support<\/strong><br \/>Support- und Pflegeleistungen jenseits der Gew\u00e4hrleistung sind nicht Gegenstand dieses Lizenzvertrages.<\/p><p><strong>\u00a72.6 Einwilligung zur \u00dcbertragung der Lizenzdaten an einen Lizenzserver<\/strong><br \/>Die Aktivierung der Software Team Manager erfolgt durch verschl\u00fcsselte \u00dcbertragung und \u00dcberpr\u00fcfung des (nach Begleichung der Rechnung per Email versendeten) Lizenzschl\u00fcssels an einen Lizenzserver. Die Verarbeitung der Informationen auf dem Lizenzserver erfolgt automatisiert. Der Lizenznehmer erkl\u00e4rt sich mit dieser \u00dcbertragung (auch in zeitlichen Abst\u00e4nden) gem\u00e4\u00df \u00a74 BDSG einverstanden.<\/p><p><strong>\u00a73 Haftungsausschluss und Haftungsbeschr\u00e4nkungen<\/strong><br \/>Der Lizenzgeber schlie\u00dft seine Haftung f\u00fcr leicht fahrl\u00e4ssige Pflichtverletzungen aus, sofern diese keine vertragswesentlichen Pflichten, Sch\u00e4den aus der Verletzung des Lebens, des K\u00f6rpers oder der Gesundheit oder Garantien betreffen oder Anspr\u00fcche nach dem Produkthaftungsgesetz ber\u00fchrt sind. Gleiches gilt f\u00fcr Pflichtverletzungen der Erf\u00fcllungsgehilfen der gesetzlichen Vertreter des Lizenzgebers. Sofern der Lizenzgeber fahrl\u00e4ssig eine vertragswesentliche Pflicht verletzt, ist seine Ersatzpflicht auf den vertragstypischen, vorhersehbaren Schaden begrenzt. Der Lizenzgeber haftet nicht f\u00fcr Sch\u00e4den, die durch St\u00f6rung des Betriebs, insbesondere infolge von hoherer Gewalt (z.B. von Brand- und Naturereignissen) sowie infolge von sonstigen, von ihm nicht zu vertretenden Vorkommnissen verursacht worden sind. Die Haftung f\u00fcr Datenverlust wird auf den typischen Aufwand der Wiederherstellung beschr\u00e4nkt, der bei t\u00e4glicher Anfertigung von Sicherungskopien eingetreten w\u00e4re. Eine verschuldensunabh\u00e4ngige Haftung des Lizenzgebers nach \u00a7536a Abs. 1 Var. 1 BGB aufgrund von M\u00e4ngeln, die bereits zum Zeitpunkt des Vertragsabschlusses vorhanden sind, ist ausgeschlossen. Die vorstehenden Bestimmungen zur Haftungsbeschr\u00e4nkung gelten f\u00fcr alle vertraglichen und au\u00dfervertraglichen Schadenersatzanspr\u00fcche gegen den Lizenzgeber unabh\u00e4ngig von ihrem Rechtsgrund sowie entsprechend f\u00fcr die Haftung des Lizenzgebers auf Ersatz vergeblicher Anwendungen.<\/p><p><strong>\u00a74 Gew\u00e4hrleistung<\/strong><br \/>Der Lizenzgeber weist darauf hin, dass es unm\u00f6glich ist, Softwareprodukte so zu entwickeln, dass sie unter allen potentiellen Anwendungsbedingungen vollkommen fehlerfrei sind. Der Lizenzgeber leistet Gew\u00e4hr, dass die Software im Sinne der Leistungsbeschreibung sowohl brauchbar ist als auch die dort zugesicherten Eigenschaften aufweist. Eine unerhebliche Minderung der Brauchbarkeit bleibt au\u00dfer Betracht.<\/p><p><strong>\u00a74.1 M\u00e4ngel<\/strong><br \/>Offensichtliche M\u00e4ngel an der Software Team Manager sind dem Lizenzgeber durch den Lizenznehmer innerhalb von 14 Tagen ab Aktivierung und versteckte M\u00e4ngel unverz\u00fcglich nach deren Entdeckung anzuzeigen. Programmm\u00e4ngel m\u00fcssen schriftlich mitgeteilt und so konkret beschrieben werden, dass der fehlerhafte Programmablauf reproduziert werden kann. Gew\u00e4hrleistungsanspr\u00fcche und Anspr\u00fcche auf Support setzen eine ordnungsgem\u00e4\u00dfe Programminstallation und Systemanpassung voraus. Die Gew\u00e4hrleistung erfolgt durch Nachbesserung im Ermessen des Lizenzgebers<\/p><p><strong>\u00a74.2 Datenverlust<\/strong><br \/>Aufgrund der Vielzahl von in der Praxis auftretenden Daten- und Bedienkonstellationen sowie Bedienungsfehlern kann ein Datenverlust nicht g\u00e4nzlich ausgeschlossen werden. Der Lizenznehmer muss daher Sorge tragen, dass durch vollst\u00e4ndige Datensicherung, die regelm\u00e4\u00dfig vorgenommen wird, eine einfache Rekonstruktion etwa verloren gegangener Daten m\u00f6glich ist. Der Lizenznehmer hat insbesondere die Pflicht zur Virenabwehr nach dem aktuellen Stand der Technik.<\/p><p><strong>\u00a75 Schutzrechte<\/strong><br \/>An allen urheberrechtsf\u00e4higen Materialien, die im Zuge der Lizenzierung dem Lizenznehmer \u00fcberlassen werden, steht dem Lizenzgeber das Urheberrecht sowie die hieraus resultierenden Schutzrechte, Nutzungs- und Verwertungsrechte zu. Eine Einr\u00e4umung von Rechten erfolgt ausschlie\u00dflich unter der in \u00a72.1 dargelegten Form. Die Software Team Manager selbst sowie die Lizenzierung wird durch verschiedene technische L\u00f6sungen gesch\u00fctzt. Es ist untersagt, diese zu umgehen. Des Weiteren ist es dem Lizenznehmer untersagt die Software Team Manager zu \u00e4ndern, zur zur\u00fcckzuentwickeln, zu dekompilieren oder abgeleitete Software zu erstellen. Dies gilt jedoch nicht f\u00fcr die in \u00a75.1 aufgelisteten genutzten externen Bibliotheken. Unberechtigte Reproduktion oder nicht autorisierter Vertrieb der Software Team Manager wird gerichtlich verfolgt und kann zu erheblichen Strafen f\u00fchren und Schadenersatzforderungen zur Folge haben.<\/p><p><strong>\u00a75.1 Nutzung der externen Bibliothek Qt<\/strong><br \/>Die Software Team Manager nutzt Bibliotheken des Qt-Projektes im Rahmen der LGPLv2.1. Weitere Informationen sind unter www.qt.nokia.com zu finden. Die aktuell verwendeten Bibliotheken sind die Qt-libraries 5.8.<\/p><p><strong>\u00a75.2 Nutzung der externen Bibliothek VideoLAN<\/strong><br \/>Die Software Team Manager nutzt Bibliotheken des VideoLAN-Projektes im Rahmen der LGPLv2.1. Weitere Informationen sind unter www.videolan.org zu finden.<\/p><p><strong>\u00a76 Durchf\u00fchrung des Vertrages<\/strong><br \/>Mit Annahme des vorliegenden Mietvertrages durch den Lizenznehmer kommt dieser Vertrag zu Stande.<\/p><p><strong>\u00a76.1 Mietentgelt<\/strong><br \/>Die Nutzungslizenz der Software wird in einer von vier Varianten als Gegenleistung f\u00fcr die Zahlung einer Miete \u00fcberlassen. Die Miete beinhaltet die laufende Programmpflege und Programmweiterentwicklung (Update) und das Lizenznutzungsentgelt. Das Mietentgelt ist nach Rechnungsstellung durch den Lizenzgeber vom Lizenznehmer im Voraus zu entrichten. Das Mietentgelt betr\u00e4gt abh\u00e4ngig von der Lizensierungsvariante:<\/p><p>Jahreslizent \u2013 privat: 125,21 \u20ac + 23,79 \u20ac (19% MwSt) = 149.- \u20ac<br \/>Jahreslizent \u2013 Vereine: 360,50 \u20ac + 68,50 \u20ac (19% MwSt) = 429.- \u20ac<br \/>Volllizenz \u2013 privat: 335,29 \u20ac + 63,71 \u20ac (19% MwSt) = 399.- \u20ac<br \/>Volllizenz \u2013 Vereine: 839,50 \u20ac + 159,50 \u20ac (19% MwSt) = 999.- \u20ac<\/p><p><strong>6.2 Vertragslaufzeit und Aktivierung<\/strong><br \/>Ist keine ausdr\u00fcckliche Vertragslaufzeit angegeben, so gilt eine Vertragslaufzeit von 12 Monaten ab Tag der Rechnungsstellung durch den Lizenzgeber. Nach vollst\u00e4ndiger Zahlung der Geb\u00fchren basierend auf der Rechnungsstellung durch den Lizenzgeber, erh\u00e4lt der Lizenznehmer einen Aktivierungscode zur Freischaltung der erworbenen Programmversion. Im Zuge des Aktivierungsvorgangs der Software Team Manager ist eine bestehende Internetverbindung notwendig. Der Lizenznehmer hat nach Ablauf der Vertragslaufzeit alle Kopien der Software Team Manager sowie von Dokumentationen und Installationen vollst\u00e4ndig und endg\u00fcltig zu l\u00f6schen. Jegliche Nutzung von Team Manager nach Ablauf der Vertragslaufzeit ist untersagt.<\/p><p><strong>\u00a77 Allgemeine Bestimmungen<\/strong><\/p><p><strong>\u00a77.1 Rechtswahl und Gerichtsstand<\/strong><br \/>F\u00fcr die Gesch\u00e4ftsbeziehungen und die gesamten Rechtsbeziehungen zwischen dem Lizenzgeber und dem Lizenznehmer gilt ausschlie\u00dflich das Recht der Bundesrepublik Deutschland unter Ausschluss des UN-Kaufrechts (CISG). M\u00fcndliche Abreden sowie abweichende Bedingungen des Lizenznehmers bed\u00fcrfen zu ihrer Wirksamkeit der Schriftform. Bedingungen des Lizenznehmers verpflichten den Lizenzgeber nicht. Ist der Vertragspartner Kaufmann, juristische Person des \u00f6ffentlichen Rechts oder \u00f6ffentlich-rechtliches Sonderverm\u00f6gen, so ist der Gesch\u00e4ftssitz des Lizenzgebers Gerichtsstand.<\/p><p><strong>\u00a77.2 Auslegung des Vertrages<\/strong><br \/>Sollten einzelne Bestimmungen unwirksam sein oder werden, so ber\u00fchrt dies nicht die Wirksamkeit der \u00fcbrigen Bestimmungen. Die unwirksamen Bestimmungen sind durch wirksame Bestimmungen zu ersetzen, die dem verfolgten wirtschaftlichen Zweck am n\u00e4chsten kommen.<\/p><p>CGS DeveloTec GmbH<br \/>Registergericht M\u00fcnchen<br \/>HRB 240878<br \/>Gesch\u00e4ftsf\u00fchrer: Dr. Christian Gabor Sorger<br \/>Pollinger Str. 3<br \/>D-81377 M\u00fcnchen<\/p><p>Stand der Lizenzbedingungen September.2018<\/p><\/div>\t\t\t\t\t<\/div>\n\t\t\t\t\t\t<\/div>\n\t\t\t\t<\/div>\n\t\t\t\t\t\t<\/div>\n\t\t\t\t\t<\/div>\n\t\t<\/div>\n\t\t\t\t\t\t\t\t<\/div>\n\t\t\t\t\t<\/div>\n\t\t<\/section>\n\t\t\t\t\t\t\t\t\t<\/div>\n\t\t\t<\/div>\n\t\t\t\t\t<\/div>\n\t\t","protected":false},"excerpt":{"rendered":"<p>Lizenzbedingungen Lizenzvertrag \u00a71 Vertragliche GrundlagenBitte lesen Sie diesen Lizenzvertrag f\u00fcr Miete von Software sorgf\u00e4ltig, bevor Sie die Software Team Manager der CGS DeveloTec GmbH in Betrieb nehmen. Durch Inbetriebnahme der Software Team Manager und insbesondere durch Begleichen des Rechnungsbetrages und die Aktivierung der erteilten Softwarelizenz durch Eingabe des Lizenzschl\u00fcssels erkl\u00e4ren Sie sich mit den Bestimmungen &hellip;<\/p>\n<p class=\"read-more\"> <a class=\"\" href=\"http:\/\/www.handball-team-manager.de\/index.php\/lizenzbedingungen\/\"> <span class=\"screen-reader-text\">Lizenzbedingungen<\/span> Weiterlesen &raquo;<\/a><\/p>\n","protected":false},"author":1,"featured_media":0,"parent":0,"menu_order":0,"comment_status":"closed","ping_status":"closed","template":"","meta":[],"_links":{"self":[{"href":"http:\/\/www.handball-team-manager.de\/index.php\/wp-json\/wp\/v2\/pages\/1190"}],"collection":[{"href":"http:\/\/www.handball-team-manager.de\/index.php\/wp-json\/wp\/v2\/pages"}],"about":[{"href":"http:\/\/www.handball-team-manager.de\/index.php\/wp-json\/wp\/v2\/types\/page"}],"author":[{"embeddable":true,"href":"http:\/\/www.handball-team-manager.de\/index.php\/wp-json\/wp\/v2\/users\/1"}],"replies":[{"embeddable":true,"href":"http:\/\/www.handball-team-manager.de\/index.php\/wp-json\/wp\/v2\/comments?post=1190"}],"version-history":[{"count":11,"href":"http:\/\/www.handball-team-manager.de\/index.php\/wp-json\/wp\/v2\/pages\/1190\/revisions"}],"predecessor-version":[{"id":2051,"href":"http:\/\/www.handball-team-manager.de\/index.php\/wp-json\/wp\/v2\/pages\/1190\/revisions\/2051"}],"wp:attachment":[{"href":"http:\/\/www.handball-team-manager.de\/index.php\/wp-json\/wp\/v2\/media?parent=1190"}],"curies":[{"name":"wp","href":"https:\/\/api.w.org\/{rel}","templated":true}]}}