{"id":1192,"date":"2020-10-15T14:11:33","date_gmt":"2020-10-15T12:11:33","guid":{"rendered":"http:\/\/18.196.151.142\/?page_id=1192"},"modified":"2021-06-11T10:19:30","modified_gmt":"2021-06-11T08:19:30","slug":"impressum","status":"publish","type":"page","link":"http:\/\/www.handball-team-manager.de\/index.php\/impressum\/","title":{"rendered":"Impressum"},"content":{"rendered":"\t\t<div data-elementor-type=\"wp-page\" data-elementor-id=\"1192\" class=\"elementor elementor-1192\">\n\t\t\t\t\t\t<div class=\"elementor-inner\">\n\t\t\t\t<div class=\"elementor-section-wrap\">\n\t\t\t\t\t\t\t\t\t<section class=\"elementor-section elementor-top-section elementor-element elementor-element-d7d8b56 elementor-section-boxed elementor-section-height-default elementor-section-height-default\" data-id=\"d7d8b56\" data-element_type=\"section\" data-settings=\"{&quot;background_background&quot;:&quot;classic&quot;}\">\n\t\t\t\t\t\t\t<div class=\"elementor-background-overlay\"><\/div>\n\t\t\t\t\t\t\t<div class=\"elementor-container elementor-column-gap-default\">\n\t\t\t\t\t\t\t<div class=\"elementor-row\">\n\t\t\t\t\t<div class=\"elementor-column elementor-col-33 elementor-top-column elementor-element elementor-element-b3d335b\" data-id=\"b3d335b\" data-element_type=\"column\">\n\t\t\t<div class=\"elementor-column-wrap\">\n\t\t\t\t\t\t\t<div class=\"elementor-widget-wrap\">\n\t\t\t\t\t\t\t\t<\/div>\n\t\t\t\t\t<\/div>\n\t\t<\/div>\n\t\t\t\t<div class=\"elementor-column elementor-col-33 elementor-top-column elementor-element elementor-element-fd69444\" data-id=\"fd69444\" data-element_type=\"column\">\n\t\t\t<div class=\"elementor-column-wrap elementor-element-populated\">\n\t\t\t\t\t\t\t<div class=\"elementor-widget-wrap\">\n\t\t\t\t\t\t<div class=\"elementor-element elementor-element-abcc2f2 elementor-widget elementor-widget-heading\" data-id=\"abcc2f2\" data-element_type=\"widget\" data-widget_type=\"heading.default\">\n\t\t\t\t<div class=\"elementor-widget-container\">\n\t\t\t<h1 class=\"elementor-heading-title elementor-size-default\">Impressum<\/h1>\t\t<\/div>\n\t\t\t\t<\/div>\n\t\t\t\t\t\t<\/div>\n\t\t\t\t\t<\/div>\n\t\t<\/div>\n\t\t\t\t<div class=\"elementor-column elementor-col-33 elementor-top-column elementor-element elementor-element-674669b\" data-id=\"674669b\" data-element_type=\"column\">\n\t\t\t<div class=\"elementor-column-wrap\">\n\t\t\t\t\t\t\t<div class=\"elementor-widget-wrap\">\n\t\t\t\t\t\t\t\t<\/div>\n\t\t\t\t\t<\/div>\n\t\t<\/div>\n\t\t\t\t\t\t\t\t<\/div>\n\t\t\t\t\t<\/div>\n\t\t<\/section>\n\t\t\t\t<section class=\"elementor-section elementor-top-section elementor-element elementor-element-5c40d7b elementor-section-boxed elementor-section-height-default elementor-section-height-default\" data-id=\"5c40d7b\" data-element_type=\"section\">\n\t\t\t\t\t\t<div class=\"elementor-container elementor-column-gap-default\">\n\t\t\t\t\t\t\t<div class=\"elementor-row\">\n\t\t\t\t\t<div class=\"elementor-column elementor-col-100 elementor-top-column elementor-element elementor-element-2ebbf9c\" data-id=\"2ebbf9c\" data-element_type=\"column\">\n\t\t\t<div class=\"elementor-column-wrap elementor-element-populated\">\n\t\t\t\t\t\t\t<div class=\"elementor-widget-wrap\">\n\t\t\t\t\t\t<div class=\"elementor-element elementor-element-fe195c7 elementor-widget elementor-widget-heading\" data-id=\"fe195c7\" data-element_type=\"widget\" data-widget_type=\"heading.default\">\n\t\t\t\t<div class=\"elementor-widget-container\">\n\t\t\t<h2 class=\"elementor-heading-title elementor-size-default\">Impressum<\/h2>\t\t<\/div>\n\t\t\t\t<\/div>\n\t\t\t\t<div class=\"elementor-element elementor-element-dc051dd elementor-widget-divider--view-line elementor-widget elementor-widget-divider\" data-id=\"dc051dd\" data-element_type=\"widget\" data-widget_type=\"divider.default\">\n\t\t\t\t<div class=\"elementor-widget-container\">\n\t\t\t\t\t<div class=\"elementor-divider\">\n\t\t\t<span class=\"elementor-divider-separator\">\n\t\t\t\t\t\t<\/span>\n\t\t<\/div>\n\t\t\t\t<\/div>\n\t\t\t\t<\/div>\n\t\t\t\t<div class=\"elementor-element elementor-element-e5f497e elementor-widget elementor-widget-text-editor\" data-id=\"e5f497e\" data-element_type=\"widget\" data-widget_type=\"text-editor.default\">\n\t\t\t\t<div class=\"elementor-widget-container\">\n\t\t\t\t\t\t\t\t<div class=\"elementor-text-editor elementor-clearfix\">\n\t\t\t\t<div>\n<div>\n<div data-style=\"{&quot;background_display&quot;:&quot;tile&quot;,&quot;cell_alignment&quot;:&quot;flex-start&quot;}\">\n<div data-weight=\"1\">\n<div data-style=\"{&quot;background_image_attachment&quot;:false,&quot;background_display&quot;:&quot;tile&quot;}\" data-index=\"0\">\n<div>\n<p>CGS DeveloTec GmbH<\/p>\n<p>Pollinger Str. 3<br>81377 M\u00fcnchen<\/p>\n<p>Telefon: +49.173.3502053<br>Email: kontakt@cgs-develotec.de<br>Internet: www.cgs-develotec.de<\/p>\n<p>Die&nbsp;<span style=\"font-size: 16px; font-style: normal; font-weight: 400;\">CGS DeveloTec GmbH<\/span>&nbsp;wird vertreten durch: Gesch\u00e4ftsf\u00fchrer Dr. Christian Sorger<\/p>\n<p>Registergericht: Amtsgericht M\u00fcnchen<br>Registernummer: HRB 240878<\/p>\n<p>USt-IdNr.: DE318461411<\/p>\n<p>Inhaltlich verantwortlich i.S.v. \u00a7 55 Abs. 2 RStV: Dr. Christian Gabor Sorger, Pollinger Str. 3, 81377 M\u00fcnchen<\/p>\n<p>Alle Inhalte dieser Webseite sind urheberrechtlich gesch\u00fctzt. Jegliche Vervielf\u00e4ltigung und Nutzung ohne schriftliche Genehmigung durch den Urheber ist strafbar.<\/p>\n<p>Bez\u00fcglich fremder Inhalte, zu denen Verkn\u00fcpfungen (Links) bestehen, distanziert sich die&nbsp;<span style=\"font-size: 16px; font-style: normal; font-weight: 400;\">CGS DeveloTec GmbH&nbsp;<\/span>entsprechend dem Urteil des Landgerichts Hamburg vom 12. Mai 1998 ausdr\u00fccklich von den Inhalten dieser Internetseiten. F\u00fcr alle Links gilt: Die&nbsp;<span style=\"font-size: 16px; font-style: normal; font-weight: 400;\">CGS DeveloTec GmbH<\/span>&nbsp;hat keinen Einfluss auf Inhalt und Gestaltung der verlinkten Seiten. Die Nutzung von Links, die zu Seiten au\u00dferhalb von dieser Seite f\u00fchren, erfolgt auf eigene Verantwortung der Nutzer.<\/p>\n<\/div>\n<\/div>\n<\/div>\n<\/div>\n<\/div>\n<\/div>\t\t\t\t\t<\/div>\n\t\t\t\t\t\t<\/div>\n\t\t\t\t<\/div>\n\t\t\t\t\t\t<\/div>\n\t\t\t\t\t<\/div>\n\t\t<\/div>\n\t\t\t\t\t\t\t\t<\/div>\n\t\t\t\t\t<\/div>\n\t\t<\/section>\n\t\t\t\t\t\t\t\t\t<\/div>\n\t\t\t<\/div>\n\t\t\t\t\t<\/div>\n\t\t","protected":false},"excerpt":{"rendered":"<p>Impressum Impressum CGS DeveloTec GmbH Pollinger Str. 381377 M\u00fcnchen Telefon: +49.173.3502053Email: kontakt@cgs-develotec.deInternet: www.cgs-develotec.de Die&nbsp;CGS DeveloTec GmbH&nbsp;wird vertreten durch: Gesch\u00e4ftsf\u00fchrer Dr. Christian Sorger Registergericht: Amtsgericht M\u00fcnchenRegisternummer: HRB 240878 USt-IdNr.: DE318461411 Inhaltlich verantwortlich i.S.v. \u00a7 55 Abs. 2 RStV: Dr. Christian Gabor Sorger, Pollinger Str. 3, 81377 M\u00fcnchen Alle Inhalte dieser Webseite sind urheberrechtlich gesch\u00fctzt. Jegliche Vervielf\u00e4ltigung &hellip;<\/p>\n<p class=\"read-more\"> <a class=\"\" href=\"http:\/\/www.handball-team-manager.de\/index.php\/impressum\/\"> <span class=\"screen-reader-text\">Impressum<\/span> Weiterlesen &raquo;<\/a><\/p>\n","protected":false},"author":1,"featured_media":0,"parent":0,"menu_order":0,"comment_status":"closed","ping_status":"closed","template":"","meta":[],"_links":{"self":[{"href":"http:\/\/www.handball-team-manager.de\/index.php\/wp-json\/wp\/v2\/pages\/1192"}],"collection":[{"href":"http:\/\/www.handball-team-manager.de\/index.php\/wp-json\/wp\/v2\/pages"}],"about":[{"href":"http:\/\/www.handball-team-manager.de\/index.php\/wp-json\/wp\/v2\/types\/page"}],"author":[{"embeddable":true,"href":"http:\/\/www.handball-team-manager.de\/index.php\/wp-json\/wp\/v2\/users\/1"}],"replies":[{"embeddable":true,"href":"http:\/\/www.handball-team-manager.de\/index.php\/wp-json\/wp\/v2\/comments?post=1192"}],"version-history":[{"count":11,"href":"http:\/\/www.handball-team-manager.de\/index.php\/wp-json\/wp\/v2\/pages\/1192\/revisions"}],"predecessor-version":[{"id":2048,"href":"http:\/\/www.handball-team-manager.de\/index.php\/wp-json\/wp\/v2\/pages\/1192\/revisions\/2048"}],"wp:attachment":[{"href":"http:\/\/www.handball-team-manager.de\/index.php\/wp-json\/wp\/v2\/media?parent=1192"}],"curies":[{"name":"wp","href":"https:\/\/api.w.org\/{rel}","templated":true}]}}